{"id":398,"date":"2019-03-26T19:00:35","date_gmt":"2019-03-26T19:00:35","guid":{"rendered":"https:\/\/www.oato.inaf.it\/blazars\/webt\/?page_id=398"},"modified":"2022-07-10T16:40:54","modified_gmt":"2022-07-10T15:40:54","slug":"1652398-mrk-501","status":"publish","type":"page","link":"https:\/\/www.oato.inaf.it\/blazars\/webt\/1652398-mrk-501\/","title":{"rendered":"1652+398 (MRK 501)"},"content":{"rendered":"<div class=\"pdfprnt-buttons pdfprnt-buttons-page pdfprnt-top-right\"><a href=\"https:\/\/www.oato.inaf.it\/blazars\/webt\/wp-json\/wp\/v2\/pages\/398?print=pdf\" class=\"pdfprnt-button pdfprnt-button-pdf\" target=\"_blank\"><\/a><a href=\"https:\/\/www.oato.inaf.it\/blazars\/webt\/wp-json\/wp\/v2\/pages\/398?print=print\" class=\"pdfprnt-button pdfprnt-button-print\" target=\"_blank\"><img decoding=\"async\" src=\"https:\/\/www.oato.inaf.it\/blazars\/webt\/wp-content\/plugins\/pdf-print\/images\/print.png\" alt=\"image_print\" title=\"Print Content\" \/><\/a><\/div>\n<p class=\"has-text-align-center has-medium-font-size\">Coordinates&nbsp;<br>R.A. = 16:53:52.2167, Dec. = +39:45:36.609 (2000.0)&nbsp;<br>z = 0.033663<\/p>\n\n\n<div class=\"wp-block-image\">\n<figure class=\"aligncenter size-large\"><img loading=\"lazy\" decoding=\"async\" width=\"975\" height=\"1024\" src=\"https:\/\/www.oato.inaf.it\/blazars\/webt\/wp-content\/uploads\/2022\/07\/1652fc-975x1024.jpg\" alt=\"\" class=\"wp-image-1524\" srcset=\"https:\/\/www.oato.inaf.it\/blazars\/webt\/wp-content\/uploads\/2022\/07\/1652fc-975x1024.jpg 975w, https:\/\/www.oato.inaf.it\/blazars\/webt\/wp-content\/uploads\/2022\/07\/1652fc-286x300.jpg 286w, https:\/\/www.oato.inaf.it\/blazars\/webt\/wp-content\/uploads\/2022\/07\/1652fc-768x806.jpg 768w, https:\/\/www.oato.inaf.it\/blazars\/webt\/wp-content\/uploads\/2022\/07\/1652fc-1463x1536.jpg 1463w, https:\/\/www.oato.inaf.it\/blazars\/webt\/wp-content\/uploads\/2022\/07\/1652fc-1951x2048.jpg 1951w, https:\/\/www.oato.inaf.it\/blazars\/webt\/wp-content\/uploads\/2022\/07\/1652fc-1600x1680.jpg 1600w\" sizes=\"auto, (max-width: 975px) 100vw, 975px\" \/><\/figure>\n<\/div>\n\n\n<p class=\"has-text-align-center\">Field of view is 10&#8217;x10&#8242;<\/p>\n\n\n\n<p class=\"has-text-align-center has-text-color has-background\" style=\"background-color:#fbf310;color:#3609eb;font-size:19px\"><strong>GASP suggested stars: 1 2 4 6<\/strong><strong><\/strong><\/p>\n\n\n\n<p class=\"has-text-align-center\" style=\"font-size:19px\"><strong>Comparison stars<\/strong><\/p>\n\n\n<table class=\"wp-block-table\">\n<tbody>\n<tr>\n<td style=\"text-align: center;\"><strong>Star<\/strong><\/td>\n<td style=\"text-align: center;\"><strong>U<\/strong><\/td>\n<td style=\"text-align: center;\"><strong>B<\/strong><\/td>\n<td style=\"text-align: center;\"><strong>V<\/strong><\/td>\n<td style=\"text-align: center;\"><strong>R<\/strong><\/td>\n<td style=\"text-align: center;\"><strong>I<\/strong><\/td>\n<\/tr>\n<tr>\n<td>1<\/td>\n<td>14.23 (0.02)<\/td>\n<td>13.55 (0.03)<\/td>\n<td>12.61 (0.02)<\/td>\n<td><span style=\"color: #0000ff;\"><strong>12.11 (0.<\/strong><strong>02)<\/strong><\/span><\/td>\n<td>11.63 (0.01)<\/td>\n<\/tr>\n<tr>\n<td>2<\/td>\n<td>14.62 (0.02)<\/td>\n<td>14.10 (0.03)<\/td>\n<td>13.23 (0.02)<\/td>\n<td><span style=\"color: #0000ff;\"><strong>12.79 (0.02)<\/strong><\/span><\/td>\n<td>12.34 (0.01)<\/td>\n<\/tr>\n<tr>\n<td>3<\/td>\n<td>&nbsp;<\/td>\n<td>15.98 (0.04)<\/td>\n<td>15.24 (0.02)<\/td>\n<td>14.80 (0.02)<\/td>\n<td>14.322 (0.009)<\/td>\n<\/tr>\n<tr>\n<td>4<\/td>\n<td>16.116 (0.045)<\/td>\n<td>16.05 (0.05)<\/td>\n<td>15.30 (0.02)<\/td>\n<td><span style=\"color: #0000ff;\"><strong>14.96 (0.02)<\/strong><\/span><\/td>\n<td>14.546 (0.004)<\/td>\n<\/tr>\n<tr>\n<td>5<\/td>\n<td>&nbsp;<\/td>\n<td>16.27 (0.04)<\/td>\n<td>15.51 (0.02)<\/td>\n<td>15.08 (0.02)<\/td>\n<td>&nbsp;<\/td>\n<\/tr>\n<tr>\n<td>6<\/td>\n<td>17.756 (0.180)<\/td>\n<td>16.82 (0.05)<\/td>\n<td>15.67 (0.04)<\/td>\n<td><span style=\"color: #0000ff;\"><strong>14.99 (0.04)<\/strong><\/span><\/td>\n<td>14.373 (0.015)<\/td>\n<\/tr>\n<\/tbody>\n<\/table>\n\n\n<p class=\"has-text-align-center\" style=\"font-size:15px\">comparison stars from&nbsp;Villata&nbsp;et al., 1998, A&amp;AS 130, 305&nbsp;<br>U and I data of Stars 1 2 from Smith,&nbsp;Jannuzi&nbsp;&amp;&nbsp;Elston, 1991,&nbsp;ApJS&nbsp;77, 67<\/p>\n\n\n\n<p class=\"has-text-align-center\" style=\"font-size:15px\">U and I data of Stars 3 4 6 from&nbsp;Gonz\u00e1lez-P\u00e9rez,&nbsp;Kidger&nbsp;&amp;&nbsp;Mart\u00edn-Luis, 2001, AJ 122, 2055<\/p>\n\n\n\n<p><strong>IMPORTANT: we recommend to use 7.5 arcsec for the aperture radius, which allows us to optimize the subtraction of the host galaxy contribution in the following data analysis.<\/strong><\/p>\n","protected":false},"excerpt":{"rendered":"<p>Coordinates&nbsp;R.A. = 16:53:52.2167, Dec. = +39:45:36.609 (2000.0)&nbsp;z = 0.033663 Field of view is 10&#8217;x10&#8242; GASP suggested stars: 1 2 4&hellip;<\/p>\n","protected":false},"author":4,"featured_media":0,"parent":0,"menu_order":0,"comment_status":"closed","ping_status":"closed","template":"","meta":{"footnotes":""},"class_list":["post-398","page","type-page","status-publish","hentry"],"_links":{"self":[{"href":"https:\/\/www.oato.inaf.it\/blazars\/webt\/wp-json\/wp\/v2\/pages\/398","targetHints":{"allow":["GET"]}}],"collection":[{"href":"https:\/\/www.oato.inaf.it\/blazars\/webt\/wp-json\/wp\/v2\/pages"}],"about":[{"href":"https:\/\/www.oato.inaf.it\/blazars\/webt\/wp-json\/wp\/v2\/types\/page"}],"author":[{"embeddable":true,"href":"https:\/\/www.oato.inaf.it\/blazars\/webt\/wp-json\/wp\/v2\/users\/4"}],"replies":[{"embeddable":true,"href":"https:\/\/www.oato.inaf.it\/blazars\/webt\/wp-json\/wp\/v2\/comments?post=398"}],"version-history":[{"count":7,"href":"https:\/\/www.oato.inaf.it\/blazars\/webt\/wp-json\/wp\/v2\/pages\/398\/revisions"}],"predecessor-version":[{"id":1525,"href":"https:\/\/www.oato.inaf.it\/blazars\/webt\/wp-json\/wp\/v2\/pages\/398\/revisions\/1525"}],"wp:attachment":[{"href":"https:\/\/www.oato.inaf.it\/blazars\/webt\/wp-json\/wp\/v2\/media?parent=398"}],"curies":[{"name":"wp","href":"https:\/\/api.w.org\/{rel}","templated":true}]}}