{"id":388,"date":"2019-03-26T18:55:32","date_gmt":"2019-03-26T18:55:32","guid":{"rendered":"https:\/\/www.oato.inaf.it\/blazars\/webt\/?page_id=388"},"modified":"2022-07-10T16:39:33","modified_gmt":"2022-07-10T15:39:33","slug":"1641399-3c-345","status":"publish","type":"page","link":"https:\/\/www.oato.inaf.it\/blazars\/webt\/1641399-3c-345\/","title":{"rendered":"1641+399 (3C 345)"},"content":{"rendered":"<div class=\"pdfprnt-buttons pdfprnt-buttons-page pdfprnt-top-right\"><a href=\"https:\/\/www.oato.inaf.it\/blazars\/webt\/wp-json\/wp\/v2\/pages\/388?print=pdf\" class=\"pdfprnt-button pdfprnt-button-pdf\" target=\"_blank\"><\/a><a href=\"https:\/\/www.oato.inaf.it\/blazars\/webt\/wp-json\/wp\/v2\/pages\/388?print=print\" class=\"pdfprnt-button pdfprnt-button-print\" target=\"_blank\"><img decoding=\"async\" src=\"https:\/\/www.oato.inaf.it\/blazars\/webt\/wp-content\/plugins\/pdf-print\/images\/print.png\" alt=\"image_print\" title=\"Print Content\" \/><\/a><\/div>\n<p class=\"has-text-align-center has-medium-font-size\">Coordinates&nbsp;<br>R.A. = 16:42:58.808, Dec.&nbsp;= +39:48:36.99 (2000)<br>z = 0.5928<\/p>\n\n\n<div class=\"wp-block-image\">\n<figure class=\"aligncenter size-full\"><img loading=\"lazy\" decoding=\"async\" width=\"568\" height=\"569\" src=\"https:\/\/www.oato.inaf.it\/blazars\/webt\/wp-content\/uploads\/2022\/07\/1641fc.gif\" alt=\"\" class=\"wp-image-1522\"\/><\/figure>\n<\/div>\n\n\n<p class=\"has-text-align-center\">Field of view is 8.5&#8217;x8.5&#8242;<\/p>\n\n\n\n<p class=\"has-text-align-center\" style=\"font-size:19px\"><strong>GASP suggested stars: 4 10 12 19<\/strong><strong><\/strong><\/p>\n\n\n\n<p class=\"has-text-align-center\" style=\"font-size:19px\"><strong>Comparison<\/strong><strong>&nbsp;stars<\/strong><\/p>\n\n\n<table class=\"wp-block-table\" style=\"height: 178px;\" width=\"602\">\n<tbody>\n<tr>\n<td style=\"text-align: center;\"><strong>Star<\/strong><\/td>\n<td style=\"text-align: center;\"><strong>U<\/strong><\/td>\n<td style=\"text-align: center;\"><strong>B<\/strong><\/td>\n<td style=\"text-align: center;\"><strong>V<\/strong><\/td>\n<td style=\"text-align: center;\"><strong>R<\/strong><\/td>\n<td style=\"text-align: center;\"><strong>I<\/strong><\/td>\n<\/tr>\n<tr>\n<td>4<\/td>\n<td>16.433 (0.040)<\/td>\n<td>16.044 (0.017)<\/td>\n<td>15.245 (0.007)<\/td>\n<td><span style=\"color: #0000ff;\"><strong>14.768 (0.006)<\/strong><\/span><\/td>\n<td>14.337 (0.011)<\/td>\n<\/tr>\n<tr>\n<td>10<\/td>\n<td>13.891 (0.004)<\/td>\n<td>13.959 (0.012)<\/td>\n<td>13.773 (0.006)<\/td>\n<td><span style=\"color: #0000ff;\"><strong>13.644 (0.010)<\/strong><\/span><\/td>\n<td>13.491 (0.011)<\/td>\n<\/tr>\n<tr>\n<td>12<\/td>\n<td>16.143 (0.064)<\/td>\n<td>16.046 (0.008)<\/td>\n<td>15.418 (0.007)<\/td>\n<td><span style=\"color: #0000ff;\"><strong>15.040 (0.009)<\/strong><\/span><\/td>\n<td>14.669 (0.019)<\/td>\n<\/tr>\n<tr>\n<td>19<\/td>\n<td>16.935 (0.177)<\/td>\n<td>16.452 (0.016)<\/td>\n<td>15.228 (0.006)<\/td>\n<td><span style=\"color: #0000ff;\"><strong>14.470 (0.006)<\/strong><\/span><\/td>\n<td>13.806 (0.014)<\/td>\n<\/tr>\n<\/tbody>\n<\/table>\n\n\n<p class=\"has-text-align-center\" style=\"font-size:15px\">from&nbsp;Gonz\u00e1lez-P\u00e9rez,&nbsp;Kidger&nbsp;&amp;&nbsp;Mart\u00edn-Luis, 2001, AJ 122, 2055<\/p>\n","protected":false},"excerpt":{"rendered":"<p>Coordinates&nbsp;R.A. = 16:42:58.808, Dec.&nbsp;= +39:48:36.99 (2000)z = 0.5928 Field of view is 8.5&#8217;x8.5&#8242; GASP suggested stars: 4 10 12 19&hellip;<\/p>\n","protected":false},"author":4,"featured_media":0,"parent":0,"menu_order":0,"comment_status":"closed","ping_status":"closed","template":"","meta":{"footnotes":""},"class_list":["post-388","page","type-page","status-publish","hentry"],"_links":{"self":[{"href":"https:\/\/www.oato.inaf.it\/blazars\/webt\/wp-json\/wp\/v2\/pages\/388","targetHints":{"allow":["GET"]}}],"collection":[{"href":"https:\/\/www.oato.inaf.it\/blazars\/webt\/wp-json\/wp\/v2\/pages"}],"about":[{"href":"https:\/\/www.oato.inaf.it\/blazars\/webt\/wp-json\/wp\/v2\/types\/page"}],"author":[{"embeddable":true,"href":"https:\/\/www.oato.inaf.it\/blazars\/webt\/wp-json\/wp\/v2\/users\/4"}],"replies":[{"embeddable":true,"href":"https:\/\/www.oato.inaf.it\/blazars\/webt\/wp-json\/wp\/v2\/comments?post=388"}],"version-history":[{"count":6,"href":"https:\/\/www.oato.inaf.it\/blazars\/webt\/wp-json\/wp\/v2\/pages\/388\/revisions"}],"predecessor-version":[{"id":1523,"href":"https:\/\/www.oato.inaf.it\/blazars\/webt\/wp-json\/wp\/v2\/pages\/388\/revisions\/1523"}],"wp:attachment":[{"href":"https:\/\/www.oato.inaf.it\/blazars\/webt\/wp-json\/wp\/v2\/media?parent=388"}],"curies":[{"name":"wp","href":"https:\/\/api.w.org\/{rel}","templated":true}]}}