{"id":375,"date":"2019-03-26T17:43:12","date_gmt":"2019-03-26T17:43:12","guid":{"rendered":"https:\/\/www.oato.inaf.it\/blazars\/webt\/?page_id=375"},"modified":"2022-07-10T16:29:46","modified_gmt":"2022-07-10T15:29:46","slug":"1510-089-pks-1510-08","status":"publish","type":"page","link":"https:\/\/www.oato.inaf.it\/blazars\/webt\/1510-089-pks-1510-08\/","title":{"rendered":"1510-089 (PKS 1510-08)"},"content":{"rendered":"<div class=\"pdfprnt-buttons pdfprnt-buttons-page pdfprnt-top-right\"><a href=\"https:\/\/www.oato.inaf.it\/blazars\/webt\/wp-json\/wp\/v2\/pages\/375?print=pdf\" class=\"pdfprnt-button pdfprnt-button-pdf\" target=\"_blank\"><\/a><a href=\"https:\/\/www.oato.inaf.it\/blazars\/webt\/wp-json\/wp\/v2\/pages\/375?print=print\" class=\"pdfprnt-button pdfprnt-button-print\" target=\"_blank\"><img decoding=\"async\" src=\"https:\/\/www.oato.inaf.it\/blazars\/webt\/wp-content\/plugins\/pdf-print\/images\/print.png\" alt=\"image_print\" title=\"Print Content\" \/><\/a><\/div>\n<p class=\"has-text-align-center has-medium-font-size\">Coordinates&nbsp;<br>R.A. = 15:12:50.533, Dec. = -09:05:58.99 (2000)<br>z = 0.36<\/p>\n\n\n<div class=\"wp-block-image\">\n<figure class=\"aligncenter size-full\"><img loading=\"lazy\" decoding=\"async\" width=\"353\" height=\"353\" src=\"https:\/\/www.oato.inaf.it\/blazars\/webt\/wp-content\/uploads\/2022\/07\/1510fc.gif\" alt=\"\" class=\"wp-image-1511\"\/><figcaption>Landessternwarte Heidelberg-K\u00f6nigstuhl<\/figcaption><\/figure>\n<\/div>\n\n\n<p class=\"has-text-align-center\">Field\u00a0of\u00a0view\u00a0is\u00a010&#8217;x10&#8242;<\/p>\n\n\n\n<p class=\"has-text-align-center has-text-color has-background\" style=\"background-color:#f9ef06;color:#3915ed;font-size:19px\"><strong>GASP suggested stars: 2 3 4 5 6<\/strong><\/p>\n\n\n\n<p class=\"has-text-align-center\" style=\"font-size:19px\"><strong>Comparison<\/strong><strong>&nbsp;stars<\/strong><\/p>\n\n\n<table class=\"wp-block-table\">\n<tbody>\n<tr>\n<td style=\"text-align: center;\"><strong>Star<\/strong><\/td>\n<td style=\"text-align: center;\"><strong>U<\/strong><\/td>\n<td style=\"text-align: center;\"><strong>B<\/strong><\/td>\n<td style=\"text-align: center;\"><strong>V<\/strong><\/td>\n<td style=\"text-align: center;\"><strong>R<\/strong><\/td>\n<td style=\"text-align: center;\"><strong>I<\/strong><\/td>\n<\/tr>\n<tr>\n<td>1<\/td>\n<td>12.35 (0.02)<\/td>\n<td>12.13 (0.03)<\/td>\n<td>11.54 (0.02)<\/td>\n<td>11.14 (0.02)<\/td>\n<td>10.847 (0.001)<\/td>\n<\/tr>\n<tr>\n<td>2<\/td>\n<td>13.73 (0.02)<\/td>\n<td>13.65 (0.03)<\/td>\n<td>13.17 (0.02)<\/td>\n<td><span style=\"color: #0000ff;\"><strong>12.88 (0.03)<\/strong><\/span><\/td>\n<td>12.687 (0.019)<\/td>\n<\/tr>\n<tr>\n<td>3<\/td>\n<td>15.32 (0.07)<\/td>\n<td>15.06 (0.04)<\/td>\n<td>14.35 (0.02)<\/td>\n<td><span style=\"color: #0000ff;\"><strong>13.95 (0.03)<\/strong><\/span><\/td>\n<td>13.516 (0.001)<\/td>\n<\/tr>\n<tr>\n<td>4<\/td>\n<td>15.45 (0.06)<\/td>\n<td>15.27 (0.02)<\/td>\n<td>14.59 (0.02)<\/td>\n<td><span style=\"color: #0000ff;\"><strong>14.22 (0.03)<\/strong><\/span><\/td>\n<td>13.891 (0.010)<\/td>\n<\/tr>\n<tr>\n<td>5<\/td>\n<td>&nbsp;<\/td>\n<td>15.43 (0.05)<\/td>\n<td>14.70 (0.05)<\/td>\n<td><span style=\"color: #0000ff;\"><strong>14.35 (0.05)<\/strong><\/span><\/td>\n<td>13.999 (0.004)<\/td>\n<\/tr>\n<tr>\n<td>6<\/td>\n<td>&nbsp;<\/td>\n<td>16.09 (0.04)<\/td>\n<td>15.16 (0.02)<\/td>\n<td><span style=\"color: #0000ff;\"><strong>14.61 (0.02)<\/strong><\/span><\/td>\n<td>14.100 (0.007)<\/td>\n<\/tr>\n<\/tbody>\n<\/table>\n\n\n<p class=\"has-text-align-center\" style=\"font-size:15px\">Stars 1 2 3&nbsp;4 in&nbsp;U: Smith &amp;&nbsp;Balonek&nbsp;(1998, PASP 110, 1164)<\/p>\n\n\n\n<p class=\"has-text-align-center\" style=\"font-size:15px\">Stars 1 2 3 4 5&nbsp;6 in&nbsp;BVR:&nbsp;Raiteri&nbsp;et al. (1998, A&amp;AS 130, 495)<\/p>\n\n\n\n<p class=\"has-text-align-center\" style=\"font-size:15px\">Stars 1 2 3 4 5&nbsp;6 in&nbsp;I:&nbsp;Gonz\u00e1lez-P\u00e9rez,&nbsp;Kidger&nbsp;&amp;&nbsp;Mart\u00edn-Luis (2001, AJ 122, 2055; their Stars 8 11 2 9 3 1)<\/p>\n","protected":false},"excerpt":{"rendered":"<p>Coordinates&nbsp;R.A. = 15:12:50.533, Dec. = -09:05:58.99 (2000)z = 0.36 Field\u00a0of\u00a0view\u00a0is\u00a010&#8217;x10&#8242; GASP suggested stars: 2 3 4 5 6 Comparison&nbsp;stars Star&hellip;<\/p>\n","protected":false},"author":4,"featured_media":0,"parent":0,"menu_order":0,"comment_status":"closed","ping_status":"closed","template":"","meta":{"footnotes":""},"class_list":["post-375","page","type-page","status-publish","hentry"],"_links":{"self":[{"href":"https:\/\/www.oato.inaf.it\/blazars\/webt\/wp-json\/wp\/v2\/pages\/375","targetHints":{"allow":["GET"]}}],"collection":[{"href":"https:\/\/www.oato.inaf.it\/blazars\/webt\/wp-json\/wp\/v2\/pages"}],"about":[{"href":"https:\/\/www.oato.inaf.it\/blazars\/webt\/wp-json\/wp\/v2\/types\/page"}],"author":[{"embeddable":true,"href":"https:\/\/www.oato.inaf.it\/blazars\/webt\/wp-json\/wp\/v2\/users\/4"}],"replies":[{"embeddable":true,"href":"https:\/\/www.oato.inaf.it\/blazars\/webt\/wp-json\/wp\/v2\/comments?post=375"}],"version-history":[{"count":6,"href":"https:\/\/www.oato.inaf.it\/blazars\/webt\/wp-json\/wp\/v2\/pages\/375\/revisions"}],"predecessor-version":[{"id":1514,"href":"https:\/\/www.oato.inaf.it\/blazars\/webt\/wp-json\/wp\/v2\/pages\/375\/revisions\/1514"}],"wp:attachment":[{"href":"https:\/\/www.oato.inaf.it\/blazars\/webt\/wp-json\/wp\/v2\/media?parent=375"}],"curies":[{"name":"wp","href":"https:\/\/api.w.org\/{rel}","templated":true}]}}