{"id":362,"date":"2019-03-26T17:31:14","date_gmt":"2019-03-26T17:31:14","guid":{"rendered":"https:\/\/www.oato.inaf.it\/blazars\/webt\/?page_id=362"},"modified":"2022-07-10T16:24:44","modified_gmt":"2022-07-10T15:24:44","slug":"1156295-4c-29-45","status":"publish","type":"page","link":"https:\/\/www.oato.inaf.it\/blazars\/webt\/1156295-4c-29-45\/","title":{"rendered":"1156+295 (4C 29.45)"},"content":{"rendered":"<div class=\"pdfprnt-buttons pdfprnt-buttons-page pdfprnt-top-right\"><a href=\"https:\/\/www.oato.inaf.it\/blazars\/webt\/wp-json\/wp\/v2\/pages\/362?print=pdf\" class=\"pdfprnt-button pdfprnt-button-pdf\" target=\"_blank\"><\/a><a href=\"https:\/\/www.oato.inaf.it\/blazars\/webt\/wp-json\/wp\/v2\/pages\/362?print=print\" class=\"pdfprnt-button pdfprnt-button-print\" target=\"_blank\"><img decoding=\"async\" src=\"https:\/\/www.oato.inaf.it\/blazars\/webt\/wp-content\/plugins\/pdf-print\/images\/print.png\" alt=\"image_print\" title=\"Print Content\" \/><\/a><\/div>\n<p class=\"has-text-align-center has-medium-font-size\">Coordinates&nbsp;<br>R.A. = 11:59:32.07, Dec. = +29:14:42.0 (2000)<br>z = 0.729<\/p>\n\n\n<div class=\"wp-block-image\">\n<figure class=\"aligncenter size-large\"><img loading=\"lazy\" decoding=\"async\" width=\"975\" height=\"1024\" src=\"https:\/\/www.oato.inaf.it\/blazars\/webt\/wp-content\/uploads\/2022\/07\/1156fc-975x1024.jpg\" alt=\"\" class=\"wp-image-1503\" srcset=\"https:\/\/www.oato.inaf.it\/blazars\/webt\/wp-content\/uploads\/2022\/07\/1156fc-975x1024.jpg 975w, https:\/\/www.oato.inaf.it\/blazars\/webt\/wp-content\/uploads\/2022\/07\/1156fc-286x300.jpg 286w, https:\/\/www.oato.inaf.it\/blazars\/webt\/wp-content\/uploads\/2022\/07\/1156fc-768x806.jpg 768w, https:\/\/www.oato.inaf.it\/blazars\/webt\/wp-content\/uploads\/2022\/07\/1156fc-1463x1536.jpg 1463w, https:\/\/www.oato.inaf.it\/blazars\/webt\/wp-content\/uploads\/2022\/07\/1156fc-1950x2048.jpg 1950w, https:\/\/www.oato.inaf.it\/blazars\/webt\/wp-content\/uploads\/2022\/07\/1156fc-1600x1680.jpg 1600w\" sizes=\"auto, (max-width: 975px) 100vw, 975px\" \/><\/figure>\n<\/div>\n\n\n<p class=\"has-text-align-center\">Field of view is 10&#8217;x10&#8242;<\/p>\n\n\n\n<p class=\"has-text-align-center has-text-color has-background\" style=\"background-color:#fdf509;color:#3909fb;font-size:19px\"><strong>GASP suggested stars: 1 2 3 4<\/strong><strong><\/strong><\/p>\n\n\n\n<p class=\"has-text-align-center\" style=\"font-size:19px\"><strong>Comparison<\/strong><strong>&nbsp;stars<\/strong><\/p>\n\n\n<table class=\"wp-block-table\">\n<tbody>\n<tr>\n<td style=\"text-align: center;\"><strong>Star<\/strong><\/td>\n<td style=\"text-align: center;\"><strong>U<\/strong><\/td>\n<td style=\"text-align: center;\"><strong>B<\/strong><\/td>\n<td style=\"text-align: center;\"><strong>V<\/strong><\/td>\n<td style=\"text-align: center;\"><strong>R<\/strong><\/td>\n<td style=\"text-align: center;\"><strong>I<\/strong><\/td>\n<\/tr>\n<tr>\n<td>1<\/td>\n<td>&nbsp;<\/td>\n<td>14.01 (0.06)<\/td>\n<td>13.39 (0.05)<\/td>\n<td><span style=\"color: #0000ff;\"><strong>13.01 (0.02)<\/strong><\/span><\/td>\n<td>&nbsp;<\/td>\n<\/tr>\n<tr>\n<td>2<\/td>\n<td>16.17 (0.11)<\/td>\n<td>16.01 (0.06)<\/td>\n<td>15.38 (0.05)<\/td>\n<td><span style=\"color: #0000ff;\"><strong>15.00 (0.02)<\/strong><\/span><\/td>\n<td>14.605 (0.007)<\/td>\n<\/tr>\n<tr>\n<td>3<\/td>\n<td>16.38 (0.13)<\/td>\n<td>16.44 (0.04)<\/td>\n<td>15.91 (0.04)<\/td>\n<td><span style=\"color: #0000ff;\"><strong>15.54 (0.02)<\/strong><\/span><\/td>\n<td>15.075 (0.034)<\/td>\n<\/tr>\n<tr>\n<td>4<\/td>\n<td>17.07 (0.14)<\/td>\n<td>17.15 (0.05)<\/td>\n<td>16.60 (0.04)<\/td>\n<td><span style=\"color: #0000ff;\"><strong>16.28 (0.02)<\/strong><\/span><\/td>\n<td>15.862 (0.021)<\/td>\n<\/tr>\n<\/tbody>\n<\/table>\n\n\n<p class=\"has-text-align-center\" style=\"font-size:15px\">comparison&nbsp;stars from&nbsp;Raiteri&nbsp;C.M. et al., 1998, A&amp;AS 130, 495&nbsp;<br>U data from Smith P.S. et al., 1985, AJ 90, 1184&nbsp;<br>I data from&nbsp;Gonz\u00e1lez-P\u00e9rez&nbsp;J.N.,&nbsp;Kidger&nbsp;M.R. &amp;&nbsp;Mart\u00edn-Luis F., 2001, AJ 122, 2055<\/p>\n","protected":false},"excerpt":{"rendered":"<p>Coordinates&nbsp;R.A. = 11:59:32.07, Dec. = +29:14:42.0 (2000)z = 0.729 Field of view is 10&#8217;x10&#8242; GASP suggested stars: 1 2 3&hellip;<\/p>\n","protected":false},"author":4,"featured_media":0,"parent":0,"menu_order":0,"comment_status":"closed","ping_status":"closed","template":"","meta":{"footnotes":""},"class_list":["post-362","page","type-page","status-publish","hentry"],"_links":{"self":[{"href":"https:\/\/www.oato.inaf.it\/blazars\/webt\/wp-json\/wp\/v2\/pages\/362","targetHints":{"allow":["GET"]}}],"collection":[{"href":"https:\/\/www.oato.inaf.it\/blazars\/webt\/wp-json\/wp\/v2\/pages"}],"about":[{"href":"https:\/\/www.oato.inaf.it\/blazars\/webt\/wp-json\/wp\/v2\/types\/page"}],"author":[{"embeddable":true,"href":"https:\/\/www.oato.inaf.it\/blazars\/webt\/wp-json\/wp\/v2\/users\/4"}],"replies":[{"embeddable":true,"href":"https:\/\/www.oato.inaf.it\/blazars\/webt\/wp-json\/wp\/v2\/comments?post=362"}],"version-history":[{"count":4,"href":"https:\/\/www.oato.inaf.it\/blazars\/webt\/wp-json\/wp\/v2\/pages\/362\/revisions"}],"predecessor-version":[{"id":1504,"href":"https:\/\/www.oato.inaf.it\/blazars\/webt\/wp-json\/wp\/v2\/pages\/362\/revisions\/1504"}],"wp:attachment":[{"href":"https:\/\/www.oato.inaf.it\/blazars\/webt\/wp-json\/wp\/v2\/media?parent=362"}],"curies":[{"name":"wp","href":"https:\/\/api.w.org\/{rel}","templated":true}]}}