{"id":35,"date":"2019-03-21T12:07:41","date_gmt":"2019-03-21T12:07:41","guid":{"rendered":"https:\/\/www.oato.inaf.it\/blazars\/webt\/?page_id=35"},"modified":"2023-09-19T14:14:54","modified_gmt":"2023-09-19T13:14:54","slug":"web-telescope-participants-by-longitude","status":"publish","type":"page","link":"https:\/\/www.oato.inaf.it\/blazars\/webt\/web-telescope-participants-by-longitude\/","title":{"rendered":"Optical and near-IR observatories"},"content":{"rendered":"<div class=\"pdfprnt-buttons pdfprnt-buttons-page pdfprnt-top-right\"><a href=\"https:\/\/www.oato.inaf.it\/blazars\/webt\/wp-json\/wp\/v2\/pages\/35?print=pdf\" class=\"pdfprnt-button pdfprnt-button-pdf\" target=\"_blank\"><\/a><a href=\"https:\/\/www.oato.inaf.it\/blazars\/webt\/wp-json\/wp\/v2\/pages\/35?print=print\" class=\"pdfprnt-button pdfprnt-button-print\" target=\"_blank\"><img decoding=\"async\" src=\"https:\/\/www.oato.inaf.it\/blazars\/webt\/wp-content\/plugins\/pdf-print\/images\/print.png\" alt=\"image_print\" title=\"Print Content\" \/><\/a><\/div>\n<p class=\"has-medium-font-size\">This list is ordered by longitude from east to west starting at the International Date Line.<\/p>\n\n\n\n<ul class=\"wp-block-list\">\n<li><a rel=\"noreferrer noopener\" aria-label=\"Mount Stromlo and Siding Spring Observatories (Canberra, Australia) (abre en una nueva pesta\u00f1a)\" href=\"https:\/\/www.oato.inaf.it\/blazars\/webt\/mount-stromlo-and-siding-spring-observatories-canberra-australia\/\" target=\"_blank\"><span style=\"color:#0569a3\" class=\"has-inline-color\"><strong>Mount Stromlo and Siding Spring Observatories (Canberra, Australia)<\/strong><\/span><\/a><\/li>\n<\/ul>\n\n\n\n<ul class=\"wp-block-list\">\n<li><a rel=\"noreferrer noopener\" aria-label=\"Ouda Station (Japan) (abre en una nueva pesta\u00f1a)\" href=\"https:\/\/www.oato.inaf.it\/blazars\/webt\/ouda-station-japan\" target=\"_blank\"><span style=\"color:#0569a3\" class=\"has-inline-color\"><strong>Ouda Station (Japan)<\/strong><\/span><\/a><\/li>\n<\/ul>\n\n\n\n<ul class=\"wp-block-list\">\n<li><a rel=\"noreferrer noopener\" aria-label=\"Korea Astronomy &amp; Space Science Institute (Sobaek Telescope, Mt. Sobaek, Korea) (abre en una nueva pesta\u00f1a)\" href=\"https:\/\/www.oato.inaf.it\/blazars\/webt\/korea-astronomy-space-science-institute-sobaek-telescope-mt-sobaek-korea\" target=\"_blank\"><strong><span style=\"color:#0569a3\" class=\"has-inline-color\">Korea Astronomy &amp; Space Science Institute (Sobaek Telescope, Mt. Sobaek, Korea)<\/span><\/strong><\/a><\/li>\n<\/ul>\n\n\n\n<ul class=\"wp-block-list\">\n<li><a rel=\"noreferrer noopener\" aria-label=\"Xinglong Observatory (China) (abre en una nueva pesta\u00f1a)\" href=\"https:\/\/www.oato.inaf.it\/blazars\/webt\/xinglong-observatory-china\" target=\"_blank\"><strong><span style=\"color:#0569a3\" class=\"has-inline-color\">Xinglong Observatory (China)<\/span><\/strong><\/a><\/li>\n<\/ul>\n\n\n\n<ul class=\"wp-block-list\">\n<li><a rel=\"noreferrer noopener\" aria-label=\"Indian Astronomical Observatory (Hanle, Ladakh, India) (abre en una nueva pesta\u00f1a)\" href=\"http:\/\/indian-astronomical-observatory-hanle-ladakh-india\" target=\"_blank\"><strong><span style=\"color:#0569a3\" class=\"has-inline-color\">Indian Astronomical Observatory (Hanle, Ladakh, India)<\/span><\/strong><\/a><\/li>\n<\/ul>\n\n\n\n<ul class=\"wp-block-list\">\n<li><a rel=\"noreferrer noopener\" aria-label=\"Vainu Bappu Observatory (Kavalur, India) (abre en una nueva pesta\u00f1a)\" href=\"https:\/\/www.oato.inaf.it\/blazars\/webt\/vainu-bappu-observatory-kavalur-india\/(abre en una nueva pesta\u00f1a)\" target=\"_blank\"><strong><span style=\"color:#0569a3\" class=\"has-inline-color\">Vainu Bappu Observatory (Kavalur, India)<\/span><\/strong><\/a><\/li>\n<\/ul>\n\n\n\n<ul class=\"wp-block-list\">\n<li><a rel=\"noreferrer noopener\" aria-label=\"Mount Maidanak Observatory (Uzbekistan, FSU) (abre en una nueva pesta\u00f1a)\" href=\"https:\/\/www.oato.inaf.it\/blazars\/webt\/mount-maidanak-observatory-uzbekistan-fsu\/\" target=\"_blank\"><strong><span style=\"color:#0569a3\" class=\"has-inline-color\">Mount Maidanak Observatory (Uzbekistan, FSU)<\/span><\/strong><\/a><\/li>\n<\/ul>\n\n\n\n<ul class=\"wp-block-list\">\n<li><a rel=\"noreferrer noopener\" aria-label=\"Abastumani Astrophysical Observatory (Georgia, FSU) (abre en una nueva pesta\u00f1a)\" href=\"https:\/\/www.oato.inaf.it\/blazars\/webt\/abastumani-astrophysical-observatory-georgia-fsu\/\" target=\"_blank\"><strong><span style=\"color:#0569a3\" class=\"has-inline-color\">Abastumani Astrophysical Observatory (Georgia, FSU)<\/span><\/strong><\/a><\/li>\n<\/ul>\n\n\n\n<ul class=\"wp-block-list\">\n<li><a rel=\"noreferrer noopener\" aria-label=\"Crimean Astrophysical Observatory (Ukraine, FSU) (abre en una nueva pesta\u00f1a)\" href=\"https:\/\/www.oato.inaf.it\/blazars\/webt\/crimean-astrophysical-observatory-ukraine-fsu\/\" target=\"_blank\"><strong><span style=\"color:#0569a3\" class=\"has-inline-color\">Crimean Astrophysical Observatory (Ukraine, FSU)<\/span><\/strong><\/a><\/li>\n<\/ul>\n\n\n\n<ul class=\"wp-block-list\">\n<li><a rel=\"noreferrer noopener\" aria-label=\"Jakokoski Observatory (Finland) amateur (abre en una nueva pesta\u00f1a)\" href=\"https:\/\/www.oato.inaf.it\/blazars\/webt\/jakokoski-observatory-finland-amateur\/\" target=\"_blank\"><strong><span style=\"color:#0569a3\" class=\"has-inline-color\">Jakokoski Observatory (Finland) amateur<\/span><\/strong><\/a><\/li>\n<\/ul>\n\n\n\n<ul class=\"wp-block-list\">\n<li><a rel=\"noreferrer noopener\" aria-label=\"Hankasalmi Observatory (Finland) amateur (abre en una nueva pesta\u00f1a)\" href=\"https:\/\/www.oato.inaf.it\/blazars\/webt\/hankasalmi-observatory-finland-amateur\/\" target=\"_blank\"><strong><span style=\"color:#0569a3\" class=\"has-inline-color\">Hankasalmi Observatory (Finland) amateur<\/span><\/strong><\/a><\/li>\n<\/ul>\n\n\n\n<ul class=\"wp-block-list\">\n<li><a rel=\"noreferrer noopener\" aria-label=\"Canakkale Onsekiz Mart University (COMU) Observatory (Turkey) (abre en una nueva pesta\u00f1a)\" href=\"https:\/\/www.oato.inaf.it\/blazars\/webt\/canakkale-onsekiz-mart-university-comu-observatory-turkey\/\" target=\"_blank\"><strong><span style=\"color:#0569a3\" class=\"has-inline-color\">Canakkale Onsekiz Mart University (COMU) Observatory (Turkey)<\/span><\/strong><\/a><\/li>\n<\/ul>\n\n\n\n<ul class=\"wp-block-list\">\n<li><a rel=\"noreferrer noopener\" aria-label=\"Nyr\u00f6l\u00e4 Observatory (Finland) amateur (abre en una nueva pesta\u00f1a)\" href=\"https:\/\/www.oato.inaf.it\/blazars\/webt\/nyrola-observatory-finland-amateur\/\" target=\"_blank\"><strong><span style=\"color:#0569a3\" class=\"has-inline-color\">Nyr\u00f6l\u00e4 Observatory (Finland) amateur<\/span><\/strong><\/a><\/li>\n<\/ul>\n\n\n\n<ul class=\"wp-block-list\">\n<li><a rel=\"noreferrer noopener\" aria-label=\"Skinakas Observatory (Crete, Greece) (abre en una nueva pesta\u00f1a)\" href=\"https:\/\/www.oato.inaf.it\/blazars\/webt\/skinakas-observatory-crete-greece\/\" target=\"_blank\"><strong><span style=\"color:#0569a3\" class=\"has-inline-color\">Skinakas Observatory (Crete, Greece)<\/span><\/strong><\/a><\/li>\n<\/ul>\n\n\n\n<ul class=\"wp-block-list\">\n<li><a href=\"https:\/\/www.oato.inaf.it\/blazars\/webt\/university-of-athens-observatory-athens-greece\/\" target=\"_blank\" rel=\"noreferrer noopener\"><strong>University of Athens Observatory (Athens, Greece)<\/strong><\/a><\/li>\n<\/ul>\n\n\n\n<ul class=\"wp-block-list\">\n<li><a rel=\"noreferrer noopener\" aria-label=\"Tuorla Observatory (Turku, Finland) (abre en una nueva pesta\u00f1a)\" href=\"https:\/\/www.oato.inaf.it\/blazars\/webt\/tuorla-observatory-turku-finland\/\" target=\"_blank\"><strong><span style=\"color:#0569a3\" class=\"has-inline-color\">Tuorla Observatory (Turku, Finland)<\/span><\/strong><\/a><\/li>\n<\/ul>\n\n\n\n<ul class=\"wp-block-list\">\n<li><a rel=\"noreferrer noopener\" aria-label=\"Vidojevica Astronomical Station (Vidojevica, Serbia) (abre en una nueva pesta\u00f1a)\" href=\"https:\/\/www.oato.inaf.it\/blazars\/webt\/vidojevica-astronomical-station-vidojevica-serbia\/\" target=\"_blank\"><strong><span style=\"color:#0569a3\" class=\"has-inline-color\">Vidojevica Astronomical Station (Vidojevica, Serbia)<\/span><\/strong><\/a><\/li>\n<\/ul>\n\n\n\n<ul class=\"wp-block-list\">\n<li><a rel=\"noreferrer noopener\" aria-label=\"South African Astronomical Observatory (Sutherland, South Africa) (abre en una nueva pesta\u00f1a)\" href=\"https:\/\/www.oato.inaf.it\/blazars\/webt\/south-african-astronomical-observatory-sutherland-south-africa\/\" target=\"_blank\"><strong><span style=\"color:#0569a3\" class=\"has-inline-color\">South African Astronomical Observatory (Sutherland, South Africa)<\/span><\/strong><\/a><\/li>\n<\/ul>\n\n\n\n<ul class=\"wp-block-list\">\n<li><a rel=\"noreferrer noopener\" aria-label=\"Sirio Astronomical Observatory (Castellana Grotte (Ba), Italy) (abre en una nueva pesta\u00f1a)\" href=\"https:\/\/www.oato.inaf.it\/blazars\/webt\/sirio-astronomical-observatory-castellana-grotte-ba-italy\/\" target=\"_blank\"><strong><span style=\"color:#0569a3\" class=\"has-inline-color\">Sirio Astronomical Observatory (Castellana Grotte (Ba), Italy)<\/span><\/strong><\/a><\/li>\n<\/ul>\n\n\n\n<ul class=\"wp-block-list\">\n<li><a rel=\"noreferrer noopener\" aria-label=\"Catania Astrophysical Observatory (Italy) (abre en una nueva pesta\u00f1a)\" href=\"https:\/\/www.oato.inaf.it\/blazars\/webt\/catania-astrophysical-observatory-italy\/\" target=\"_blank\"><strong><span style=\"color:#0569a3\" class=\"has-inline-color\">Catania Astrophysical Observatory (Italy)<\/span><\/strong><\/a><\/li>\n<\/ul>\n\n\n\n<ul class=\"wp-block-list\">\n<li><a rel=\"noreferrer noopener\" aria-label=\"Campo Imperatore Observatory (Italy) (abre en una nueva pesta\u00f1a)\" href=\"https:\/\/www.oato.inaf.it\/blazars\/webt\/campo-imperatore-observatory-italy\/\" target=\"_blank\"><strong><span style=\"color:#0569a3\" class=\"has-inline-color\">Campo Imperatore Observatory (Italy)<\/span><\/strong><\/a><\/li>\n<\/ul>\n\n\n\n<ul class=\"wp-block-list\">\n<li><a rel=\"noreferrer noopener\" aria-label=\"CAST Observatory (Italy) amateur (abre en una nueva pesta\u00f1a)\" href=\"https:\/\/www.oato.inaf.it\/blazars\/webt\/cast-observatory-italy-amateur\/\" target=\"_blank\"><strong><span style=\"color:#0569a3\" class=\"has-inline-color\">CAST Observatory (Italy) amateur<\/span><\/strong><\/a><\/li>\n<\/ul>\n\n\n\n<ul class=\"wp-block-list\">\n<li><a rel=\"noreferrer noopener\" aria-label=\"Vallinfreda Station (Italy) (abre en una nueva pesta\u00f1a)\" href=\"https:\/\/www.oato.inaf.it\/blazars\/webt\/vallinfreda-station-italy\/\" target=\"_blank\"><strong><span style=\"color:#0569a3\" class=\"has-inline-color\">Vallinfreda Station (Italy)<\/span><\/strong><\/a><\/li>\n<\/ul>\n\n\n\n<ul class=\"wp-block-list\">\n<li><a rel=\"noreferrer noopener\" aria-label=\"Armenzano Astronomical Observatory (Italy) amateur (abre en una nueva pesta\u00f1a)\" href=\"https:\/\/www.oato.inaf.it\/blazars\/webt\/armenzano-astronomical-observatory-italy-amateur\/\" target=\"_blank\"><mark style=\"background-color:rgba(0, 0, 0, 0);color:#0569a3\" class=\"has-inline-color\"><strong>Armenzano Astronomical Observatory (Italy) amateur<\/strong><\/mark><\/a><\/li>\n<\/ul>\n\n\n\n<ul class=\"wp-block-list\">\n<li><a href=\"https:\/\/www.oato.inaf.it\/blazars\/webt\/hypatia-observatory-rimini-italy\/\" target=\"_blank\" rel=\"noreferrer noopener\"><mark style=\"background-color:rgba(0, 0, 0, 0);color:#0569a3\" class=\"has-inline-color\"><strong>Hypatia Observatory (Rimini, Italy) amateur<\/strong><\/mark><\/a><\/li>\n<\/ul>\n\n\n\n<ul class=\"wp-block-list\">\n<li><a rel=\"noreferrer noopener\" aria-label=\"Perugia University Astronomical Observatory (Italy) (abre en una nueva pesta\u00f1a)\" href=\"https:\/\/www.oato.inaf.it\/blazars\/webt\/perugia-university-astronomical-observatory-italy\/\" target=\"_blank\"><strong><span style=\"color:#0569a3\" class=\"has-inline-color\">Perugia University Astronomical Observatory (Italy)<\/span><\/strong><\/a><\/li>\n<\/ul>\n\n\n\n<ul class=\"wp-block-list\">\n<li><a rel=\"noreferrer noopener\" aria-label=\"Astronomical Observatory University of Siena (Italy) (abre en una nueva pesta\u00f1a)\" href=\"https:\/\/www.oato.inaf.it\/blazars\/webt\/astronomical-observatory-university-of-siena-italy\/\" target=\"_blank\"><strong><span style=\"background-color:rgba(0, 0, 0, 0);color:#0569a3\" class=\"has-inline-color\">Astronomical Observatory University of Siena (Italy)<\/span><\/strong><\/a><\/li>\n<\/ul>\n\n\n\n<ul class=\"wp-block-list\">\n<li><a href=\"https:\/\/www.oato.inaf.it\/blazars\/webt\/marsec-marana-space-explorer-center-marana-di-crespadoro-italy\/\"><strong>MarSEC &#8211; Marana Space Explorer Center (Marana di Crespadoro, Italy) amateur<\/strong><\/a><\/li>\n<\/ul>\n\n\n\n<ul class=\"wp-block-list\">\n<li><a href=\"https:\/\/www.oato.inaf.it\/blazars\/webt\/montarrenti-observatory-siena-italy-amateur\/\" target=\"_blank\" rel=\"noreferrer noopener\"><strong>Montarrenti Observatory (Siena, Italy)<\/strong> <strong>amateur<\/strong><\/a><\/li>\n<\/ul>\n\n\n\n<ul class=\"wp-block-list\">\n<li><a rel=\"noreferrer noopener\" href=\"https:\/\/www.oato.inaf.it\/blazars\/webt\/wild-boar-remote-observatory-san-casciano-in-val-di-pesa-florence-italy-amateur\/\" target=\"_blank\"><strong>Wild Boar Remote Observatory (San Casciano in Val di Pesa, Florence, Italy)<\/strong> <strong>amateur<\/strong><\/a><\/li>\n<\/ul>\n\n\n\n<ul class=\"wp-block-list\">\n<li><a href=\"https:\/\/www.oato.inaf.it\/blazars\/webt\/hans-haffner-observatory-germany\/\" target=\"_blank\" rel=\"noreferrer noopener\"><strong>Hans Haffner Observatory (Germany)<\/strong><\/a><\/li>\n<\/ul>\n\n\n\n<ul class=\"wp-block-list\">\n<li><a href=\"https:\/\/www.oato.inaf.it\/blazars\/webt\/astronomical-observatory-of-seveso-italy-amateur\/\" target=\"_blank\" rel=\"noreferrer noopener\"><strong>Astronomical Observatory of Seveso (Italy)<\/strong> <strong>amateur<\/strong><\/a><\/li>\n<\/ul>\n\n\n\n<ul class=\"wp-block-list\">\n<li><a rel=\"noreferrer noopener\" aria-label=\"Michael Adrian Observatory (Germany) (abre en una nueva pesta\u00f1a)\" href=\"https:\/\/www.oato.inaf.it\/blazars\/webt\/michael-adrian-observatory-germany\/\" target=\"_blank\"><strong><span style=\"color:#0569a3\" class=\"has-inline-color\">Michael Adrian Observatory (Germany)<\/span><\/strong><\/a><\/li>\n<\/ul>\n\n\n\n<ul class=\"wp-block-list\">\n<li><a rel=\"noreferrer noopener\" aria-label=\"Torino Astronomical Observatory (Italy) (abre en una nueva pesta\u00f1a)\" href=\"https:\/\/www.oato.inaf.it\/blazars\/webt\/torino-astronomical-observatory-italy\/\" target=\"_blank\"><strong><span style=\"color:#0569a3\" class=\"has-inline-color\">Torino Astronomical Observatory (Italy)<\/span><\/strong><\/a><\/li>\n<\/ul>\n\n\n\n<ul class=\"wp-block-list\">\n<li><a rel=\"noreferrer noopener\" aria-label=\"Osservatorio Astronomico della Valle d'Aosta (Italy) (abre en una nueva pesta\u00f1a)\" href=\"https:\/\/www.oato.inaf.it\/blazars\/webt\/osservatorio-astronomico-della-valle-daosta-italy\/\" target=\"_blank\"><span style=\"color:#0569a3\" class=\"has-inline-color\"><strong>Osservatorio Astronomico della Valle d&#8217;Aosta (Italy)<\/strong><\/span><\/a><\/li>\n<\/ul>\n\n\n\n<ul class=\"wp-block-list\">\n<li><a rel=\"noreferrer noopener\" aria-label=\"Landessternwarte Heidelberg (Heidelberg, Germany) (abre en una nueva pesta\u00f1a)\" href=\"https:\/\/www.oato.inaf.it\/blazars\/webt\/landessternwarte-heidelberg-heidelberg-germany\/\" target=\"_blank\"><strong><span style=\"color:#0569a3\" class=\"has-inline-color\">Landessternwarte Heidelberg (Heidelberg, Germany)<\/span><\/strong><\/a><\/li>\n<\/ul>\n\n\n\n<ul class=\"wp-block-list\">\n<li><a rel=\"noreferrer noopener\" aria-label=\"Calar Alto Observatory (Spain) (abre en una nueva pesta\u00f1a)\" href=\"https:\/\/www.oato.inaf.it\/blazars\/webt\/calar-alto-observatory-spain\/\" target=\"_blank\"><strong><span style=\"color:#0569a3\" class=\"has-inline-color\">Calar Alto Observatory (Spain)<\/span><\/strong><\/a><\/li>\n<\/ul>\n\n\n\n<ul class=\"wp-block-list\">\n<li><a rel=\"noreferrer noopener\" aria-label=\"Guadarrama Observatory (Spain) amateur (abre en una nueva pesta\u00f1a)\" href=\"https:\/\/www.oato.inaf.it\/blazars\/webt\/guadarrama-observatory-spain-amateur\/\" target=\"_blank\"><strong><span style=\"color:#0569a3\" class=\"has-inline-color\">Guadarrama Observatory (Spain) amateur<\/span><\/strong><\/a><\/li>\n<\/ul>\n\n\n\n<ul class=\"wp-block-list\">\n<li><a rel=\"noreferrer noopener\" aria-label=\"Teide Observatory (Tenerife, Spain) (abre en una nueva pesta\u00f1a)\" href=\"https:\/\/www.oato.inaf.it\/blazars\/webt\/teide-observatory-tenerife-spain\/\" target=\"_blank\"><strong><span style=\"color:#0569a3\" class=\"has-inline-color\">Teide Observatory (Tenerife, Spain)<\/span><\/strong><\/a><\/li>\n<\/ul>\n\n\n\n<ul class=\"wp-block-list\">\n<li><a rel=\"noreferrer noopener\" aria-label=\"Olin Observatory (Connecticut College, New London, Connecticut, USA) (abre en una nueva pesta\u00f1a)\" href=\"https:\/\/www.oato.inaf.it\/blazars\/webt\/olin-observatory-connecticut-college-new-london-connecticut-usa\/\" target=\"_blank\"><strong><span style=\"color:#0569a3\" class=\"has-inline-color\">Olin Observatory (Connecticut College, New London, Connecticut, USA)<\/span><\/strong><\/a><\/li>\n<\/ul>\n\n\n\n<ul class=\"wp-block-list\">\n<li><a rel=\"noreferrer noopener\" aria-label=\"Foggy Bottom Observatory (Hamilton, New York, USA) (abre en una nueva pesta\u00f1a)\" href=\"https:\/\/www.oato.inaf.it\/blazars\/webt\/foggy-bottom-observatory-hamilton-new-york-usa\/\" target=\"_blank\"><strong><span style=\"color:#0569a3\" class=\"has-inline-color\">Foggy Bottom Observatory (Hamilton, New York, USA)<\/span><\/strong><\/a><\/li>\n<\/ul>\n\n\n\n<ul class=\"wp-block-list\">\n<li><a rel=\"noreferrer noopener\" aria-label=\"Western Kentucky University Astrophysical Observatory (Kentucky, USA) (abre en una nueva pesta\u00f1a)\" href=\"https:\/\/www.oato.inaf.it\/blazars\/webt\/western-kentucky-university-astrophysical-observatory-kentucky-usa\/\" target=\"_blank\"><strong><span style=\"color:#0569a3\" class=\"has-inline-color\">Western Kentucky University Astrophysical Observatory (Kentucky, USA)<\/span><\/strong><\/a><\/li>\n<\/ul>\n\n\n\n<ul class=\"wp-block-list\">\n<li><a rel=\"noreferrer noopener\" aria-label=\"Mt. Lemmon Observatory (Arizona, USA) (abre en una nueva pesta\u00f1a)\" href=\"https:\/\/www.oato.inaf.it\/blazars\/webt\/mt-lemmon-observatory-arizona-usa\/\" target=\"_blank\"><strong><span style=\"color:#0569a3\" class=\"has-inline-color\">Mt. Lemmon Observatory (Arizona, USA)<\/span><\/strong><\/a><\/li>\n<\/ul>\n\n\n\n<ul class=\"wp-block-list\">\n<li><a rel=\"noreferrer noopener\" aria-label=\"Lowell Observatory (Flagstaff, Arizona, USA) (abre en una nueva pesta\u00f1a)\" href=\"https:\/\/www.oato.inaf.it\/blazars\/webt\/lowell-observatory-flagstaff-arizona-usa\/\" target=\"_blank\"><strong><span style=\"color:#0569a3\" class=\"has-inline-color\">Lowell Observatory (Flagstaff, Arizona, USA)<\/span><\/strong><\/a><\/li>\n<\/ul>\n\n\n\n<ul class=\"wp-block-list\">\n<li><a rel=\"noreferrer noopener\" aria-label=\"ROVOR (Utah, USA) (abre en una nueva pesta\u00f1a)\" href=\"https:\/\/www.oato.inaf.it\/blazars\/webt\/rovor-utah-usa\/\" target=\"_blank\"><strong><span style=\"color:#0569a3\" class=\"has-inline-color\">ROVOR (Utah, USA)<\/span><\/strong><\/a><\/li>\n<\/ul>\n\n\n\n<ul class=\"wp-block-list\">\n<li><a rel=\"noreferrer noopener\" aria-label=\"San Pedro Martir Observatory (Baja Peninsula, Mexico) (abre en una nueva pesta\u00f1a)\" href=\"https:\/\/www.oato.inaf.it\/blazars\/webt\/san-pedro-martir-observatory-baja-peninsula-mexico\/\" target=\"_blank\"><strong><span style=\"color:#0569a3\" class=\"has-inline-color\">San Pedro Martir Observatory (Baja Peninsula, Mexico)<\/span><\/strong><\/a><\/li>\n<\/ul>\n\n\n\n<ul class=\"wp-block-list\">\n<li><a rel=\"noreferrer noopener\" aria-label=\"Clarke and Coyote Astrophysical Observatory (Wilton, California, USA) amateur (abre en una nueva pesta\u00f1a)\" href=\"https:\/\/www.oato.inaf.it\/blazars\/webt\/clarke-and-coyote-astrophysical-observatory-wilton-california-usa-amateur\/\" target=\"_blank\"><strong><span style=\"color:#0569a3\" class=\"has-inline-color\">Clarke and Coyote Astrophysical Observatory (Wilton, California, USA) amateur<\/span><\/strong><\/a><\/li>\n<\/ul>\n\n\n\n<ul class=\"wp-block-list\">\n<li><a rel=\"noreferrer noopener\" aria-label=\"Climenhaga Observatory (Victoria, British Columbia, Canada) (abre en una nueva pesta\u00f1a)\" href=\"https:\/\/www.oato.inaf.it\/blazars\/webt\/climenhaga-observatory-victoria-british-columbia-canada\/\" target=\"_blank\"><strong><span style=\"color:#0569a3\" class=\"has-inline-color\">Climenhaga Observatory (Victoria, British Columbia, Canada)<\/span><\/strong><\/a><\/li>\n<\/ul>\n\n\n\n<ul class=\"wp-block-list\">\n<li><a rel=\"noreferrer noopener\" aria-label=\"Dominion Astrophysical Observatory (Canada) (abre en una nueva pesta\u00f1a)\" href=\"https:\/\/www.oato.inaf.it\/blazars\/webt\/dominion-astrophysical-observatory-canada\/\" target=\"_blank\"><strong><span style=\"color:#0569a3\" class=\"has-inline-color\">Dominion Astrophysical Observatory (Canada)<\/span><\/strong><\/a><\/li>\n<\/ul>\n\n\n\n<ul class=\"wp-block-list\">\n<li><a rel=\"noreferrer noopener\" aria-label=\"University of Hawaii (Mauna Kea, Hawaii) (abre en una nueva pesta\u00f1a)\" href=\"https:\/\/www.oato.inaf.it\/blazars\/webt\/university-of-hawaii-mauna-kea-hawaii\/\" target=\"_blank\"><strong><span style=\"color:#0569a3\" class=\"has-inline-color\">University of Hawaii (Mauna Kea, Hawaii)<\/span><\/strong><\/a><\/li>\n<\/ul>\n\n\n\n<p><\/p>\n","protected":false},"excerpt":{"rendered":"<p>This list is ordered by longitude from east to west starting at the International Date Line.<\/p>\n","protected":false},"author":4,"featured_media":0,"parent":0,"menu_order":0,"comment_status":"closed","ping_status":"closed","template":"","meta":{"footnotes":""},"class_list":["post-35","page","type-page","status-publish","hentry"],"_links":{"self":[{"href":"https:\/\/www.oato.inaf.it\/blazars\/webt\/wp-json\/wp\/v2\/pages\/35","targetHints":{"allow":["GET"]}}],"collection":[{"href":"https:\/\/www.oato.inaf.it\/blazars\/webt\/wp-json\/wp\/v2\/pages"}],"about":[{"href":"https:\/\/www.oato.inaf.it\/blazars\/webt\/wp-json\/wp\/v2\/types\/page"}],"author":[{"embeddable":true,"href":"https:\/\/www.oato.inaf.it\/blazars\/webt\/wp-json\/wp\/v2\/users\/4"}],"replies":[{"embeddable":true,"href":"https:\/\/www.oato.inaf.it\/blazars\/webt\/wp-json\/wp\/v2\/comments?post=35"}],"version-history":[{"count":39,"href":"https:\/\/www.oato.inaf.it\/blazars\/webt\/wp-json\/wp\/v2\/pages\/35\/revisions"}],"predecessor-version":[{"id":1607,"href":"https:\/\/www.oato.inaf.it\/blazars\/webt\/wp-json\/wp\/v2\/pages\/35\/revisions\/1607"}],"wp:attachment":[{"href":"https:\/\/www.oato.inaf.it\/blazars\/webt\/wp-json\/wp\/v2\/media?parent=35"}],"curies":[{"name":"wp","href":"https:\/\/api.w.org\/{rel}","templated":true}]}}