{"id":313,"date":"2019-03-26T16:51:18","date_gmt":"2019-03-26T16:51:18","guid":{"rendered":"https:\/\/www.oato.inaf.it\/blazars\/webt\/?page_id=313"},"modified":"2022-07-10T16:52:51","modified_gmt":"2022-07-10T15:52:51","slug":"ao-023516","status":"publish","type":"page","link":"https:\/\/www.oato.inaf.it\/blazars\/webt\/ao-023516\/","title":{"rendered":"AO 0235+16"},"content":{"rendered":"<div class=\"pdfprnt-buttons pdfprnt-buttons-page pdfprnt-top-right\"><a href=\"https:\/\/www.oato.inaf.it\/blazars\/webt\/wp-json\/wp\/v2\/pages\/313?print=pdf\" class=\"pdfprnt-button pdfprnt-button-pdf\" target=\"_blank\"><\/a><a href=\"https:\/\/www.oato.inaf.it\/blazars\/webt\/wp-json\/wp\/v2\/pages\/313?print=print\" class=\"pdfprnt-button pdfprnt-button-print\" target=\"_blank\"><img decoding=\"async\" src=\"https:\/\/www.oato.inaf.it\/blazars\/webt\/wp-content\/plugins\/pdf-print\/images\/print.png\" alt=\"image_print\" title=\"Print Content\" \/><\/a><\/div>\n<p class=\"has-text-align-center\" style=\"font-size:19px\">Coordinates (J2000.0):<\/p>\n\n\n\n<p class=\"has-text-align-center\" style=\"font-size:19px\">RA = 02 38 38.9301, DEC = +16 36 59.275<\/p>\n\n\n\n<p class=\"has-text-align-center\">z=0.94<\/p>\n\n\n<div class=\"wp-block-image\">\n<figure class=\"aligncenter size-full\"><img loading=\"lazy\" decoding=\"async\" width=\"354\" height=\"355\" src=\"https:\/\/www.oato.inaf.it\/blazars\/webt\/wp-content\/uploads\/2022\/07\/0235fc.gif\" alt=\"\" class=\"wp-image-1475\"\/><\/figure>\n<\/div>\n\n\n<p class=\"has-text-align-center\">Field of view is 10&#8217;x10&#8242;<\/p>\n\n\n\n<p class=\"has-text-align-center has-text-color has-background\" style=\"background-color:#f7ef09;color:#1a07f0;font-size:19px\"><strong>GASP suggested stars: 1 2 3<\/strong><strong><\/strong><\/p>\n\n\n<table class=\"wp-block-table aligncenter has-fixed-layout\">\n<tbody>\n<tr>\n<td><strong>Star<\/strong><\/td>\n<td><strong>U<\/strong><\/td>\n<td><strong>B<\/strong><\/td>\n<td><strong>V<\/strong><\/td>\n<td><strong>R<\/strong><\/td>\n<td><strong>I<\/strong><\/td>\n<\/tr>\n<tr>\n<td>1<\/td>\n<td>13.57 (0.03)<\/td>\n<td>13.59 (0.04)<\/td>\n<td>13.03 (0.03)<\/td>\n<td style=\"color: #1a07f0;\"><span style=\"color: #0000ff;\"><strong>12.69 (0.02)<\/strong><\/span><\/td>\n<td>12.35 (0.03)<\/td>\n<\/tr>\n<tr>\n<td>2<\/td>\n<td>13.94 (0.06)<\/td>\n<td>13.55 (0.02)<\/td>\n<td>12.71 (0.02)<\/td>\n<td><span style=\"color: #0000ff;\"><strong>12.23 (0.02)<\/strong><\/span><\/td>\n<td>11.79 (0.02)<\/td>\n<\/tr>\n<tr>\n<td>3<\/td>\n<td>13.94 (0.02)<\/td>\n<td>13.68 (0.02)<\/td>\n<td>12.92 (0.02)<\/td>\n<td><span style=\"color: #0000ff;\"><strong>12.48 (0.03)<\/strong><\/span><\/td>\n<td>12.08 (0.03)<\/td>\n<\/tr>\n<tr>\n<td>8<\/td>\n<td>&nbsp;<\/td>\n<td>&nbsp;<\/td>\n<td>&nbsp;<\/td>\n<td>14.203 (0.006)<\/td>\n<td>&nbsp;<\/td>\n<\/tr>\n<tr>\n<td>9<\/td>\n<td>&nbsp;<\/td>\n<td>&nbsp;<\/td>\n<td>&nbsp;<\/td>\n<td>14.190 (0.022)<\/td>\n<td>&nbsp;<\/td>\n<\/tr>\n<tr>\n<td>10<\/td>\n<td>&nbsp;<\/td>\n<td>&nbsp;<\/td>\n<td>&nbsp;<\/td>\n<td>15.743 (0.024)<\/td>\n<td>&nbsp;<\/td>\n<\/tr>\n<tr>\n<td>11<\/td>\n<td>&nbsp;<\/td>\n<td>&nbsp;<\/td>\n<td>&nbsp;<\/td>\n<td>13.589 (0.013)<\/td>\n<td>&nbsp;<\/td>\n<\/tr>\n<\/tbody>\n<\/table>\n\n\n<p class=\"has-text-align-center\" style=\"font-size:15px\">Stars 1 2 3: Smith et al. (1985, AJ 90, 1184)<\/p>\n\n\n\n<p class=\"has-text-align-center\" style=\"font-size:15px\">Stars 8 9 10 11:&nbsp;Gonz\u00e1lez-P\u00e9rez,&nbsp;Kidger&nbsp;&amp;&nbsp;Mart\u00edn-Luis (2001, AJ 122, 2055)<\/p>\n","protected":false},"excerpt":{"rendered":"<p>Coordinates (J2000.0): RA = 02 38 38.9301, DEC = +16 36 59.275 z=0.94 Field of view is 10&#8217;x10&#8242; GASP suggested&hellip;<\/p>\n","protected":false},"author":4,"featured_media":0,"parent":0,"menu_order":0,"comment_status":"closed","ping_status":"closed","template":"","meta":{"footnotes":""},"class_list":["post-313","page","type-page","status-publish","hentry"],"_links":{"self":[{"href":"https:\/\/www.oato.inaf.it\/blazars\/webt\/wp-json\/wp\/v2\/pages\/313","targetHints":{"allow":["GET"]}}],"collection":[{"href":"https:\/\/www.oato.inaf.it\/blazars\/webt\/wp-json\/wp\/v2\/pages"}],"about":[{"href":"https:\/\/www.oato.inaf.it\/blazars\/webt\/wp-json\/wp\/v2\/types\/page"}],"author":[{"embeddable":true,"href":"https:\/\/www.oato.inaf.it\/blazars\/webt\/wp-json\/wp\/v2\/users\/4"}],"replies":[{"embeddable":true,"href":"https:\/\/www.oato.inaf.it\/blazars\/webt\/wp-json\/wp\/v2\/comments?post=313"}],"version-history":[{"count":8,"href":"https:\/\/www.oato.inaf.it\/blazars\/webt\/wp-json\/wp\/v2\/pages\/313\/revisions"}],"predecessor-version":[{"id":1545,"href":"https:\/\/www.oato.inaf.it\/blazars\/webt\/wp-json\/wp\/v2\/pages\/313\/revisions\/1545"}],"wp:attachment":[{"href":"https:\/\/www.oato.inaf.it\/blazars\/webt\/wp-json\/wp\/v2\/media?parent=313"}],"curies":[{"name":"wp","href":"https:\/\/api.w.org\/{rel}","templated":true}]}}